{"id":82,"date":"2021-04-30T15:56:42","date_gmt":"2021-04-30T15:56:42","guid":{"rendered":"http:\/\/medycynapracy.info.pl\/?page_id=82"},"modified":"2021-05-02T19:50:42","modified_gmt":"2021-05-02T19:50:42","slug":"do-pobrania","status":"publish","type":"page","link":"https:\/\/medycynapracy.info.pl\/?page_id=82","title":{"rendered":"Do pobrania"},"content":{"rendered":"<div class=\"su-spoiler su-spoiler-style-default su-spoiler-icon-plus su-spoiler-closed\" data-scroll-offset=\"0\" data-anchor-in-url=\"no\"><div class=\"su-spoiler-title\" tabindex=\"0\" role=\"button\"><span class=\"su-spoiler-icon\"><\/span>Druki - badania profilaktyczne<\/div><div class=\"su-spoiler-content su-u-clearfix su-u-trim\">\n<p><a href=\"https:\/\/medycynapracy.info.pl\/wp-content\/uploads\/2021\/05\/orzeczenie-kodeksowe.docx\" target=\"_blank\" rel=\"noopener\">Orzeczenie kodeksowe &#8211; symbol 21,22,23<\/a><\/p>\n<p><a href=\"https:\/\/medycynapracy.info.pl\/wp-content\/uploads\/2021\/04\/orzeczenie-ciaza-karmienie.pdf\">Orzeczenie dla kobiety ci\u0119\u017carnej, karmi\u0105cej piersi\u0105<\/a><\/p>\n<p><a href=\"https:\/\/medycynapracy.info.pl\/wp-content\/uploads\/2021\/05\/Orzeczenie-lekarskie-dla-s-e-2021.docx\" target=\"_blank\" rel=\"noopener\">Orzeczenie lekarskie dla cel\u00f3w SE<\/a><\/p>\n<p><\/p>\n<\/div><\/div>\n<p><\/p>\n\n<div class=\"su-spoiler su-spoiler-style-default su-spoiler-icon-plus su-spoiler-closed\" data-scroll-offset=\"0\" data-anchor-in-url=\"no\"><div class=\"su-spoiler-title\" tabindex=\"0\" role=\"button\"><span class=\"su-spoiler-icon\"><\/span>Druki - badania kierowc\u00f3w<\/div><div class=\"su-spoiler-content su-u-clearfix su-u-trim\">\n<p><a href=\"https:\/\/medycynapracy.info.pl\/wp-content\/uploads\/2021\/05\/OSWIADCZENIE-DOTYCZACE-STANU-ZDROWIA.docx\" target=\"_blank\" rel=\"noopener\">O\u015bwiadczenie dotycz\u0105ce stanu zdrowia<\/a><\/p>\n<p><a href=\"https:\/\/medycynapracy.info.pl\/wp-content\/uploads\/2021\/05\/KARTA-BADANIA-01.2021-6-stron.docx\" target=\"_blank\" rel=\"noopener\">Karta badania<\/a><\/p>\n<p><a href=\"https:\/\/medycynapracy.info.pl\/wp-content\/uploads\/2021\/05\/ORZECZENIE-kier-01.2021.docx\" target=\"_blank\" rel=\"noopener\">Orzeczenie &#8211; kierowca<\/a><\/p>\n<p><a href=\"https:\/\/medycynapracy.info.pl\/wp-content\/uploads\/2021\/05\/ORZECZENIE-kier-uprz-01.2021.docx\" target=\"_blank\" rel=\"noopener\">Orzeczenie &#8211; kierowca pojazd uprzywilejowany<\/a><\/p>\n<\/div><\/div>\n\n\n<p><\/p>\n","protected":false},"excerpt":{"rendered":"","protected":false},"author":1,"featured_media":0,"parent":0,"menu_order":0,"comment_status":"closed","ping_status":"closed","template":"","meta":{"footnotes":""},"class_list":["post-82","page","type-page","status-publish","hentry"],"post_mailing_queue_ids":[],"_links":{"self":[{"href":"https:\/\/medycynapracy.info.pl\/index.php?rest_route=\/wp\/v2\/pages\/82","targetHints":{"allow":["GET"]}}],"collection":[{"href":"https:\/\/medycynapracy.info.pl\/index.php?rest_route=\/wp\/v2\/pages"}],"about":[{"href":"https:\/\/medycynapracy.info.pl\/index.php?rest_route=\/wp\/v2\/types\/page"}],"author":[{"embeddable":true,"href":"https:\/\/medycynapracy.info.pl\/index.php?rest_route=\/wp\/v2\/users\/1"}],"replies":[{"embeddable":true,"href":"https:\/\/medycynapracy.info.pl\/index.php?rest_route=%2Fwp%2Fv2%2Fcomments&post=82"}],"version-history":[{"count":6,"href":"https:\/\/medycynapracy.info.pl\/index.php?rest_route=\/wp\/v2\/pages\/82\/revisions"}],"predecessor-version":[{"id":233,"href":"https:\/\/medycynapracy.info.pl\/index.php?rest_route=\/wp\/v2\/pages\/82\/revisions\/233"}],"wp:attachment":[{"href":"https:\/\/medycynapracy.info.pl\/index.php?rest_route=%2Fwp%2Fv2%2Fmedia&parent=82"}],"curies":[{"name":"wp","href":"https:\/\/api.w.org\/{rel}","templated":true}]}}