{"id":28,"date":"2021-04-30T14:15:52","date_gmt":"2021-04-30T14:15:52","guid":{"rendered":"http:\/\/medycynapracy.info.pl\/?page_id=28"},"modified":"2021-06-15T10:04:52","modified_gmt":"2021-06-15T08:04:52","slug":"home","status":"publish","type":"page","link":"https:\/\/medycynapracy.info.pl\/","title":{"rendered":"Home"},"content":{"rendered":"\n<div class=\"wp-block-cover alignfull has-white-background-color has-background-dim hestia-clear-top-padding\" style=\"min-height:541px;aspect-ratio:unset;\"><div class=\"wp-block-cover__inner-container is-layout-flow wp-block-cover-is-layout-flow\">\n<h2 class=\"has-text-align-center has-text-color wp-block-heading\" style=\"color:#3c4858\">Co wyr\u00f3\u017cnia moj\u0105 stron\u0119?<\/h2>\n\n\n\n<div style=\"height:40px\" aria-hidden=\"true\" class=\"wp-block-spacer\"><\/div>\n\n\n\n<div class=\"wp-block-columns container is-layout-flex wp-container-core-columns-is-layout-9d6595d7 wp-block-columns-is-layout-flex\">\n<div class=\"wp-block-column is-layout-flow wp-block-column-is-layout-flow\">\n<div class=\"wp-block-image\"><figure class=\"aligncenter size-large\"><img decoding=\"async\" src=\"https:\/\/medycynapracy.info.pl\/wp-content\/themes\/hestia\/assets\/img\/feat1.png\" alt=\"\" class=\"wp-image-70\"\/><\/figure><\/div>\n\n\n\n<h5 class=\"has-text-align-center has-text-color wp-block-heading\" style=\"color:#3c4858;font-size:18px\">Teoria<\/h5>\n\n\n\n<p class=\"has-text-align-center has-text-color\" style=\"color:#999999;font-size:14px\">W moich wyk\u0142adach ka\u017cdego roku uczestnicz\u0105 setki lekarzy. Swoj\u0105 wiedz\u0105 dziel\u0119 si\u0119 nie tylko na sali wyk\u0142adowej &#8211; pisz\u0119 artyku\u0142y i jestem wsp\u00f3\u0142redaktorem podr\u0119cznika <br><em>Opieka profilaktyczna nad pracownikiem<\/em><\/p>\n\n\n\n<div style=\"height:25px\" aria-hidden=\"true\" class=\"wp-block-spacer\"><\/div>\n<\/div>\n\n\n\n<div class=\"wp-block-column is-layout-flow wp-block-column-is-layout-flow\">\n<div class=\"wp-block-image\"><figure class=\"aligncenter size-large\"><img decoding=\"async\" src=\"https:\/\/medycynapracy.info.pl\/wp-content\/themes\/hestia\/assets\/img\/feat2.png\" alt=\"\" class=\"wp-image-71\"\/><\/figure><\/div>\n\n\n\n<h5 class=\"has-text-align-center has-text-color wp-block-heading\" style=\"color:#3c4858;font-size:18px\">Praktyka<\/h5>\n\n\n\n<p class=\"has-text-align-center has-text-color\" style=\"color:#999999;font-size:14px\">Ponad 20 lat praktyki w zawodzie lekarza medycyny pracy.  Prowadz\u0119 badania w trybie odwo\u0142awczym pracownik\u00f3w, kierowc\u00f3w, os\u00f3b pos\u0142uguj\u0105cych si\u0119 broni\u0105 oraz pod k\u0105tem chor\u00f3b zawodowych<\/p>\n<\/div>\n\n\n\n<div class=\"wp-block-column is-layout-flow wp-block-column-is-layout-flow\">\n<div class=\"wp-block-image\"><figure class=\"aligncenter size-large\"><img decoding=\"async\" src=\"https:\/\/medycynapracy.info.pl\/wp-content\/themes\/hestia\/assets\/img\/feat3.png\" alt=\"\" class=\"wp-image-72\"\/><\/figure><\/div>\n\n\n\n<h5 class=\"has-text-align-center has-text-color wp-block-heading\" style=\"color:#3c4858;font-size:18px\">Do\u015bwiadczenie<\/h5>\n\n\n\n<p class=\"has-text-align-center has-text-color\" style=\"color:#999999;font-size:14px\">Po\u0142\u0105czenie do\u015bwiadczenia, dzia\u0142alno\u015bci dydaktycznej oraz znajomo\u015b\u0107 prawa pozwalaj\u0105 mi skutecznie rozwi\u0105zywa\u0107 problemy dotyczyc\u0105ce orzecznictwa lekarskiego<\/p>\n\n\n\n<div style=\"height:25px\" aria-hidden=\"true\" class=\"wp-block-spacer\"><\/div>\n<\/div>\n<\/div>\n\n\n\n<p><\/p>\n<\/div><\/div>\n\n\n<h5><\/h5>\n<h2 style=\"text-align: center;\">Chcesz by\u0107 na bie\u017c\u0105co? Subskrybuj newsletter<\/h2>\n<h4 style=\"text-align: center;\"><\/h4>\n<h5 style=\"text-align: center;\"><\/h5>\n\n<p><div class=\"tnp tnp-subscription \">\n<form method=\"post\" action=\"https:\/\/medycynapracy.info.pl\/wp-admin\/admin-ajax.php?action=tnp&amp;na=s\">\n<input type=\"hidden\" name=\"nlang\" value=\"\">\n<div class=\"tnp-field tnp-field-firstname\"><label for=\"tnp-1\">Imi\u0119<\/label>\n<input class=\"tnp-name\" type=\"text\" name=\"nn\" id=\"tnp-1\" value=\"\" placeholder=\"\"><\/div>\n<div class=\"tnp-field tnp-field-email\"><label for=\"tnp-2\">e-mail<\/label>\n<input class=\"tnp-email\" type=\"email\" name=\"ne\" id=\"tnp-2\" value=\"\" placeholder=\"\" required><\/div>\n<div class=\"tnp-field tnp-privacy-field\"><label><input type=\"checkbox\" name=\"ny\" required class=\"tnp-privacy\"> <a target=\"_blank\" href=\"https:\/\/medycynapracy.info.pl\/wp-content\/uploads\/2021\/05\/Polityka-prywatnosci.pdf\">Wyra\u017cam zgod\u0119 na otrzymywanie drog\u0105 mailow\u0105 spersonalizowanych informacji marketingowych oferowanych przez Administratora i akceptuj\u0119 polityk\u0119 prywatno\u015bci<\/a><\/label><\/div><div class=\"tnp-field tnp-field-button\" style=\"text-align: left\"><input class=\"tnp-submit\" type=\"submit\" value=\"Subskrybuj\" style=\"\">\n<\/div>\n<\/form>\n<\/div>\n<\/p>\n\n\n\n<p><\/p>\n","protected":false},"excerpt":{"rendered":"<p>Chcesz by\u0107 na bie\u017c\u0105co? Subskrybuj newsletter<\/p>\n","protected":false},"author":1,"featured_media":404,"parent":0,"menu_order":0,"comment_status":"closed","ping_status":"closed","template":"","meta":{"footnotes":""},"class_list":["post-28","page","type-page","status-publish","has-post-thumbnail","hentry"],"post_mailing_queue_ids":[],"_links":{"self":[{"href":"https:\/\/medycynapracy.info.pl\/index.php?rest_route=\/wp\/v2\/pages\/28","targetHints":{"allow":["GET"]}}],"collection":[{"href":"https:\/\/medycynapracy.info.pl\/index.php?rest_route=\/wp\/v2\/pages"}],"about":[{"href":"https:\/\/medycynapracy.info.pl\/index.php?rest_route=\/wp\/v2\/types\/page"}],"author":[{"embeddable":true,"href":"https:\/\/medycynapracy.info.pl\/index.php?rest_route=\/wp\/v2\/users\/1"}],"replies":[{"embeddable":true,"href":"https:\/\/medycynapracy.info.pl\/index.php?rest_route=%2Fwp%2Fv2%2Fcomments&post=28"}],"version-history":[{"count":30,"href":"https:\/\/medycynapracy.info.pl\/index.php?rest_route=\/wp\/v2\/pages\/28\/revisions"}],"predecessor-version":[{"id":522,"href":"https:\/\/medycynapracy.info.pl\/index.php?rest_route=\/wp\/v2\/pages\/28\/revisions\/522"}],"wp:featuredmedia":[{"embeddable":true,"href":"https:\/\/medycynapracy.info.pl\/index.php?rest_route=\/wp\/v2\/media\/404"}],"wp:attachment":[{"href":"https:\/\/medycynapracy.info.pl\/index.php?rest_route=%2Fwp%2Fv2%2Fmedia&parent=28"}],"curies":[{"name":"wp","href":"https:\/\/api.w.org\/{rel}","templated":true}]}}