{"id":263,"date":"2021-05-05T20:32:24","date_gmt":"2021-05-05T20:32:24","guid":{"rendered":"https:\/\/medycynapracy.info.pl\/?page_id=263"},"modified":"2021-07-05T09:08:07","modified_gmt":"2021-07-05T07:08:07","slug":"o-mnie","status":"publish","type":"page","link":"https:\/\/medycynapracy.info.pl\/?page_id=263","title":{"rendered":"O mnie"},"content":{"rendered":"\n<div class=\"wp-block-columns is-layout-flex wp-container-core-columns-is-layout-9d6595d7 wp-block-columns-is-layout-flex\">\n<div class=\"wp-block-column is-layout-flow wp-block-column-is-layout-flow\"><\/div>\n\n\n\n<div class=\"wp-block-column is-vertically-aligned-center is-layout-flow wp-block-column-is-layout-flow\"><\/div>\n<\/div>\n\n\n<h3><\/h3>\n<p><img loading=\"lazy\" decoding=\"async\" src=\"https:\/\/medycynapracy.info.pl\/wp-content\/uploads\/2021\/06\/IMG_6463-683x1024.jpg\" alt=\"\" class=\"alignnone wp-image-455 size-large\" width=\"683\" height=\"1024\" srcset=\"https:\/\/medycynapracy.info.pl\/wp-content\/uploads\/2021\/06\/IMG_6463-683x1024.jpg 683w, https:\/\/medycynapracy.info.pl\/wp-content\/uploads\/2021\/06\/IMG_6463-200x300.jpg 200w, https:\/\/medycynapracy.info.pl\/wp-content\/uploads\/2021\/06\/IMG_6463-768x1152.jpg 768w, https:\/\/medycynapracy.info.pl\/wp-content\/uploads\/2021\/06\/IMG_6463-1024x1536.jpg 1024w, https:\/\/medycynapracy.info.pl\/wp-content\/uploads\/2021\/06\/IMG_6463-1366x2048.jpg 1366w, https:\/\/medycynapracy.info.pl\/wp-content\/uploads\/2021\/06\/IMG_6463-scaled.jpg 1707w\" sizes=\"auto, (max-width: 683px) 100vw, 683px\" \/><\/p>\n<p>Witaj, nazywam si\u0119 Marcin Rybacki i jestem autorem tego bloga.<\/p>\n<p>Jestem lekarzem specjalist\u0105 w dziedzinie medycyny pracy, autorem i wsp\u00f3\u0142autorem podr\u0119cznik\u00f3w oraz zalece\u0144 diagnostyczno-orzeczniczych w tej dziedzinie.<\/p>\n<h3>Czym si\u0119 zajmuj\u0119?<\/h3>\n\n\n<p>Opr\u00f3cz bada\u0144 profilaktycznych i innych przypisanych mojej specjalizacji zada\u0144, zajmuj\u0119 si\u0119 tak\u017ce szeroko poj\u0119t\u0105 edukacj\u0105 w ramach kszta\u0142cenia podyplomowego lekarzy. Jestem wyk\u0142adowc\u0105 na kursach realizowanych w &nbsp;Instytucie Medycyny Pracy im. prof. J. Nofera w \u0141odzi. Prowadz\u0119 wyk\u0142ady i zaj\u0119cia praktyczne na kursach specjalizacyjnych, szkoleniach doskonal\u0105cych oraz kursach dla lekarzy do uprawnie\u0144.<\/p>\n\n\n\n<p>Doradzam pracodawcom w zakresie efektywnych sposob\u00f3w wzmocnienia potencja\u0142u zdrowotnego pracownik\u00f3w. Podczas szkole\u0144 dla s\u0142u\u017cb BHP i pracodawc\u00f3w skupiam si\u0119 na zasadach wsp\u00f3\u0142pracy z lekarzami medycyny pracy w celu zapewnienia kompleksowej opieki profilaktycznej nad pracownikiem.<\/p>\n\n\n\n<p>Dzia\u0142am w strukturach Polskiego Towarzystwa Medycyny Pracy &#8211; jestem Przewodnicz\u0105cym Oddzia\u0142u \u0141\u00f3dzkiego oraz pe\u0142ni\u0119 funkcj\u0119 Sekretarza Zarz\u0105du G\u0142\u00f3wnego. Reprezentuj\u0119 Polskie Towarzystwa Medycyny Pracy w Europejskiej Unii Lekarzy Specjalist\u00f3w w Sekcji Medycyny Pracy.<\/p>\n\n\n<h3>O czym pisz\u0119 na blogu?<\/h3>\n<p>O zagadnieniach i problemach, z kt\u00f3rymi spotykaj\u0105 si\u0119 lekarze zajmuj\u0105cy si\u0119 szeroko poj\u0119tym orzecznictwem lekarskim. Skupiam si\u0119 na rzetelnych informacjach, zmianach i nowo\u015bciach w medycynie pracy. Staram si\u0119 odpowiedzie\u0107 na pytania nurtuj\u0105ce nasze \u015brodowisko maj\u0105c nadziej\u0119, \u017ce zamieszczone informacje b\u0119d\u0105 przydatne w codziennej praktyce.<\/p>\n<h3>Moje do\u015bwiadczenie<\/h3>\n<p>Jako dydaktyk \u0142\u0105cz\u0119 znajomo\u015b\u0107 przepis\u00f3w prawa z podej\u015bciem lekarza praktyka. Kieruj\u0119 si\u0119 dewiz\u0105 <em>docendo discimus<\/em> (ucz\u0105c innych, sami si\u0119 uczymy), dlatego wiele inspiracji dotycz\u0105cych rozwi\u0105zywania problem\u00f3w pojawiaj\u0105cych si\u0119 w opiece profilaktycznej nad pracownikiem czy w orzecznictwie zawdzi\u0119czam moim kursantom oraz kole\u017cankom i kolegom praktykuj\u0105cym w dziedzinie medycyny pracy.<\/p>\n<p><\/p>","protected":false},"excerpt":{"rendered":"<p>Witaj, nazywam si\u0119 Marcin Rybacki i jestem autorem tego bloga. Jestem lekarzem specjalist\u0105 w dziedzinie medycyny pracy, autorem i wsp\u00f3\u0142autorem podr\u0119cznik\u00f3w oraz zalece\u0144 diagnostyczno-orzeczniczych w tej dziedzinie. Czym si\u0119 zajmuj\u0119? Opr\u00f3cz bada\u0144 profilaktycznych i innych przypisanych mojej specjalizacji zada\u0144, zajmuj\u0119 si\u0119 tak\u017ce szeroko poj\u0119t\u0105 edukacj\u0105 w ramach kszta\u0142cenia podyplomowego lekarzy. [&hellip;]<\/p>\n","protected":false},"author":2,"featured_media":0,"parent":0,"menu_order":0,"comment_status":"closed","ping_status":"closed","template":"","meta":{"footnotes":""},"class_list":["post-263","page","type-page","status-publish","hentry"],"post_mailing_queue_ids":[],"_links":{"self":[{"href":"https:\/\/medycynapracy.info.pl\/index.php?rest_route=\/wp\/v2\/pages\/263","targetHints":{"allow":["GET"]}}],"collection":[{"href":"https:\/\/medycynapracy.info.pl\/index.php?rest_route=\/wp\/v2\/pages"}],"about":[{"href":"https:\/\/medycynapracy.info.pl\/index.php?rest_route=\/wp\/v2\/types\/page"}],"author":[{"embeddable":true,"href":"https:\/\/medycynapracy.info.pl\/index.php?rest_route=\/wp\/v2\/users\/2"}],"replies":[{"embeddable":true,"href":"https:\/\/medycynapracy.info.pl\/index.php?rest_route=%2Fwp%2Fv2%2Fcomments&post=263"}],"version-history":[{"count":40,"href":"https:\/\/medycynapracy.info.pl\/index.php?rest_route=\/wp\/v2\/pages\/263\/revisions"}],"predecessor-version":[{"id":604,"href":"https:\/\/medycynapracy.info.pl\/index.php?rest_route=\/wp\/v2\/pages\/263\/revisions\/604"}],"wp:attachment":[{"href":"https:\/\/medycynapracy.info.pl\/index.php?rest_route=%2Fwp%2Fv2%2Fmedia&parent=263"}],"curies":[{"name":"wp","href":"https:\/\/api.w.org\/{rel}","templated":true}]}}